{"id":6675,"date":"2024-11-10T21:07:44","date_gmt":"2024-11-10T20:07:44","guid":{"rendered":"https:\/\/weingut-reineck-baltz.de\/?post_type=product&#038;p=6675"},"modified":"2026-03-26T14:03:10","modified_gmt":"2026-03-26T13:03:10","slug":"2022-auszeit-rot-trocken","status":"publish","type":"product","link":"https:\/\/weingut-reineck-baltz.de\/en\/product\/2022-auszeit-rot-trocken\/","title":{"rendered":"2022 AUSZEIT rot -trocken-"},"content":{"rendered":"<p>Sp\u00e4t- &amp; Fr\u00fchburgunder<\/p>\n<p>Qualit\u00e4tswein<\/p>\n<p>Guntersblumer V\u00f6gelsg\u00e4rten<\/p>\n<p>rubinfarbenes, zartes Farbspiel im Glas, komplexe Burgundercuv\u00e9e, vielschichtig, pfeffrige Note, Entwicklungspotential, gut eingebundene Holznote, passt gut zu Wild- und r\u00f6staromabetonten Fleischgerichten<\/p>","protected":false},"excerpt":{"rendered":"<p>Sp\u00e4t- &amp; Fr\u00fchburgunder<\/p>\n<p>Qualit\u00e4tswein<\/p>\n<p>Guntersblumer V\u00f6gelsg\u00e4rten<\/p>\n<p>rubinfarbenes, zartes Farbspiel im Glas, komplexe Burgundercuv\u00e9e, vielschichtig, pfeffrige Note, Entwicklungspotential, gut eingebundene Holznote, passt gut zu Wild- und r\u00f6staromabetonten Fleischgerichten<\/p>","protected":false},"featured_media":7512,"template":"","meta":[],"product_brand":[],"product_cat":[145,70,61,68],"product_tag":[],"class_list":{"0":"post-6675","1":"product","2":"type-product","3":"status-publish","4":"has-post-thumbnail","6":"product_cat-cuvees","7":"product_cat-kuenstlercuvees-rotweine","8":"product_cat-rotweine","9":"product_cat-trockene-rotweine-rotweine","11":"first","12":"instock","13":"taxable","14":"shipping-taxable","15":"purchasable","16":"product-type-simple"},"yoast_head":"<!-- This site is optimized with the Yoast SEO plugin v27.0 - https:\/\/yoast.com\/product\/yoast-seo-wordpress\/ -->\n<title>2022 AUSZEIT rot -trocken- Weingut Reineck-Baltz<\/title>\n<meta name=\"description\" content=\"Sp\u00e4t- &amp; Fr\u00fchburgunder - Qualit\u00e4tswein - Guntersblumer V\u00f6gelsg\u00e4rten - rubinfarbenes, zartes Farbspiel im Glas, komplexe Burgundercuv\u00e9e, vielschichtig, pfeffrige Note, Entwicklungspotential, gut eingebundene Holznote, passt gut zu Wild- und r\u00f6staromabetonten Fleischgerichten\" \/>\n<meta name=\"robots\" content=\"index, follow, max-snippet:-1, max-image-preview:large, max-video-preview:-1\" \/>\n<link rel=\"canonical\" href=\"https:\/\/weingut-reineck-baltz.de\/en\/product\/2022-auszeit-rot-trocken\/\" \/>\n<meta property=\"og:locale\" content=\"en_US\" \/>\n<meta property=\"og:type\" content=\"article\" \/>\n<meta property=\"og:title\" content=\"2022 AUSZEIT rot -trocken- Weingut Reineck-Baltz\" \/>\n<meta property=\"og:description\" content=\"Sp\u00e4t- &amp; Fr\u00fchburgunder - Qualit\u00e4tswein - Guntersblumer V\u00f6gelsg\u00e4rten - rubinfarbenes, zartes Farbspiel im Glas, komplexe Burgundercuv\u00e9e, vielschichtig, pfeffrige Note, Entwicklungspotential, gut eingebundene Holznote, passt gut zu Wild- und r\u00f6staromabetonten Fleischgerichten\" \/>\n<meta property=\"og:url\" content=\"https:\/\/weingut-reineck-baltz.de\/en\/product\/2022-auszeit-rot-trocken\/\" \/>\n<meta property=\"og:site_name\" content=\"Weingut Reineck-Baltz\" \/>\n<meta property=\"article:modified_time\" content=\"2026-03-26T13:03:10+00:00\" \/>\n<meta property=\"og:image\" content=\"https:\/\/weingut-reineck-baltz.de\/wp-content\/uploads\/2025\/10\/Auszeit.jpeg\" \/>\n\t<meta property=\"og:image:width\" content=\"1066\" \/>\n\t<meta property=\"og:image:height\" content=\"1600\" \/>\n\t<meta property=\"og:image:type\" content=\"image\/jpeg\" \/>\n<meta name=\"twitter:card\" content=\"summary_large_image\" \/>\n<meta name=\"twitter:label1\" content=\"Est. reading time\" \/>\n\t<meta name=\"twitter:data1\" content=\"1 minute\" \/>\n<script type=\"application\/ld+json\" class=\"yoast-schema-graph\">{\"@context\":\"https:\/\/schema.org\",\"@graph\":[{\"@type\":\"WebPage\",\"@id\":\"https:\/\/weingut-reineck-baltz.de\/produkt\/2022-auszeit-rot-trocken\/\",\"url\":\"https:\/\/weingut-reineck-baltz.de\/produkt\/2022-auszeit-rot-trocken\/\",\"name\":\"2022 AUSZEIT rot -trocken- Weingut Reineck-Baltz\",\"isPartOf\":{\"@id\":\"https:\/\/weingut-reineck-baltz.de\/#website\"},\"primaryImageOfPage\":{\"@id\":\"https:\/\/weingut-reineck-baltz.de\/produkt\/2022-auszeit-rot-trocken\/#primaryimage\"},\"image\":{\"@id\":\"https:\/\/weingut-reineck-baltz.de\/produkt\/2022-auszeit-rot-trocken\/#primaryimage\"},\"thumbnailUrl\":\"https:\/\/weingut-reineck-baltz.de\/wp-content\/uploads\/2025\/10\/Auszeit.jpeg\",\"datePublished\":\"2024-11-10T20:07:44+00:00\",\"dateModified\":\"2026-03-26T13:03:10+00:00\",\"description\":\"Sp\u00e4t- & Fr\u00fchburgunder - Qualit\u00e4tswein - Guntersblumer V\u00f6gelsg\u00e4rten - rubinfarbenes, zartes Farbspiel im Glas, komplexe Burgundercuv\u00e9e, vielschichtig, pfeffrige Note, Entwicklungspotential, gut eingebundene Holznote, passt gut zu Wild- und r\u00f6staromabetonten Fleischgerichten\",\"breadcrumb\":{\"@id\":\"https:\/\/weingut-reineck-baltz.de\/produkt\/2022-auszeit-rot-trocken\/#breadcrumb\"},\"inLanguage\":\"en-CA\",\"potentialAction\":[{\"@type\":\"ReadAction\",\"target\":[\"https:\/\/weingut-reineck-baltz.de\/produkt\/2022-auszeit-rot-trocken\/\"]}]},{\"@type\":\"ImageObject\",\"inLanguage\":\"en-CA\",\"@id\":\"https:\/\/weingut-reineck-baltz.de\/produkt\/2022-auszeit-rot-trocken\/#primaryimage\",\"url\":\"https:\/\/weingut-reineck-baltz.de\/wp-content\/uploads\/2025\/10\/Auszeit.jpeg\",\"contentUrl\":\"https:\/\/weingut-reineck-baltz.de\/wp-content\/uploads\/2025\/10\/Auszeit.jpeg\",\"width\":1066,\"height\":1600},{\"@type\":\"BreadcrumbList\",\"@id\":\"https:\/\/weingut-reineck-baltz.de\/produkt\/2022-auszeit-rot-trocken\/#breadcrumb\",\"itemListElement\":[{\"@type\":\"ListItem\",\"position\":1,\"name\":\"Startseite\",\"item\":\"https:\/\/weingut-reineck-baltz.de\/\"},{\"@type\":\"ListItem\",\"position\":2,\"name\":\"Shop\",\"item\":\"https:\/\/weingut-reineck-baltz.de\/shop\/\"},{\"@type\":\"ListItem\",\"position\":3,\"name\":\"2022 AUSZEIT rot -trocken-\"}]},{\"@type\":\"WebSite\",\"@id\":\"https:\/\/weingut-reineck-baltz.de\/#website\",\"url\":\"https:\/\/weingut-reineck-baltz.de\/\",\"name\":\"Weingut Reineck-Baltz\",\"description\":\"\",\"publisher\":{\"@id\":\"https:\/\/weingut-reineck-baltz.de\/#organization\"},\"potentialAction\":[{\"@type\":\"SearchAction\",\"target\":{\"@type\":\"EntryPoint\",\"urlTemplate\":\"https:\/\/weingut-reineck-baltz.de\/?s={search_term_string}\"},\"query-input\":{\"@type\":\"PropertyValueSpecification\",\"valueRequired\":true,\"valueName\":\"search_term_string\"}}],\"inLanguage\":\"en-CA\"},{\"@type\":\"Organization\",\"@id\":\"https:\/\/weingut-reineck-baltz.de\/#organization\",\"name\":\"Weingut Reineck-Baltz\",\"url\":\"https:\/\/weingut-reineck-baltz.de\/\",\"logo\":{\"@type\":\"ImageObject\",\"inLanguage\":\"en-CA\",\"@id\":\"https:\/\/weingut-reineck-baltz.de\/#\/schema\/logo\/image\/\",\"url\":\"https:\/\/weingut-reineck-baltz.de\/wp-content\/uploads\/2020\/12\/Logo_Farbe.svg\",\"contentUrl\":\"https:\/\/weingut-reineck-baltz.de\/wp-content\/uploads\/2020\/12\/Logo_Farbe.svg\",\"width\":1805,\"height\":805,\"caption\":\"Weingut Reineck-Baltz\"},\"image\":{\"@id\":\"https:\/\/weingut-reineck-baltz.de\/#\/schema\/logo\/image\/\"}}]}<\/script>\n<!-- \/ Yoast SEO plugin. -->","yoast_head_json":{"title":"2022 AUSZEIT rot -trocken- Weingut Reineck-Baltz","description":"Sp\u00e4t- & Fr\u00fchburgunder - Qualit\u00e4tswein - Guntersblumer V\u00f6gelsg\u00e4rten - rubinfarbenes, zartes Farbspiel im Glas, komplexe Burgundercuv\u00e9e, vielschichtig, pfeffrige Note, Entwicklungspotential, gut eingebundene Holznote, passt gut zu Wild- und r\u00f6staromabetonten Fleischgerichten","robots":{"index":"index","follow":"follow","max-snippet":"max-snippet:-1","max-image-preview":"max-image-preview:large","max-video-preview":"max-video-preview:-1"},"canonical":"https:\/\/weingut-reineck-baltz.de\/en\/product\/2022-auszeit-rot-trocken\/","og_locale":"en_US","og_type":"article","og_title":"2022 AUSZEIT rot -trocken- Weingut Reineck-Baltz","og_description":"Sp\u00e4t- & Fr\u00fchburgunder - Qualit\u00e4tswein - Guntersblumer V\u00f6gelsg\u00e4rten - rubinfarbenes, zartes Farbspiel im Glas, komplexe Burgundercuv\u00e9e, vielschichtig, pfeffrige Note, Entwicklungspotential, gut eingebundene Holznote, passt gut zu Wild- und r\u00f6staromabetonten Fleischgerichten","og_url":"https:\/\/weingut-reineck-baltz.de\/en\/product\/2022-auszeit-rot-trocken\/","og_site_name":"Weingut Reineck-Baltz","article_modified_time":"2026-03-26T13:03:10+00:00","og_image":[{"width":1066,"height":1600,"url":"https:\/\/weingut-reineck-baltz.de\/wp-content\/uploads\/2025\/10\/Auszeit.jpeg","type":"image\/jpeg"}],"twitter_card":"summary_large_image","twitter_misc":{"Est. reading time":"1 minute"},"schema":{"@context":"https:\/\/schema.org","@graph":[{"@type":"WebPage","@id":"https:\/\/weingut-reineck-baltz.de\/produkt\/2022-auszeit-rot-trocken\/","url":"https:\/\/weingut-reineck-baltz.de\/produkt\/2022-auszeit-rot-trocken\/","name":"2022 AUSZEIT rot -trocken- Weingut Reineck-Baltz","isPartOf":{"@id":"https:\/\/weingut-reineck-baltz.de\/#website"},"primaryImageOfPage":{"@id":"https:\/\/weingut-reineck-baltz.de\/produkt\/2022-auszeit-rot-trocken\/#primaryimage"},"image":{"@id":"https:\/\/weingut-reineck-baltz.de\/produkt\/2022-auszeit-rot-trocken\/#primaryimage"},"thumbnailUrl":"https:\/\/weingut-reineck-baltz.de\/wp-content\/uploads\/2025\/10\/Auszeit.jpeg","datePublished":"2024-11-10T20:07:44+00:00","dateModified":"2026-03-26T13:03:10+00:00","description":"Sp\u00e4t- & Fr\u00fchburgunder - Qualit\u00e4tswein - Guntersblumer V\u00f6gelsg\u00e4rten - rubinfarbenes, zartes Farbspiel im Glas, komplexe Burgundercuv\u00e9e, vielschichtig, pfeffrige Note, Entwicklungspotential, gut eingebundene Holznote, passt gut zu Wild- und r\u00f6staromabetonten Fleischgerichten","breadcrumb":{"@id":"https:\/\/weingut-reineck-baltz.de\/produkt\/2022-auszeit-rot-trocken\/#breadcrumb"},"inLanguage":"en-CA","potentialAction":[{"@type":"ReadAction","target":["https:\/\/weingut-reineck-baltz.de\/produkt\/2022-auszeit-rot-trocken\/"]}]},{"@type":"ImageObject","inLanguage":"en-CA","@id":"https:\/\/weingut-reineck-baltz.de\/produkt\/2022-auszeit-rot-trocken\/#primaryimage","url":"https:\/\/weingut-reineck-baltz.de\/wp-content\/uploads\/2025\/10\/Auszeit.jpeg","contentUrl":"https:\/\/weingut-reineck-baltz.de\/wp-content\/uploads\/2025\/10\/Auszeit.jpeg","width":1066,"height":1600},{"@type":"BreadcrumbList","@id":"https:\/\/weingut-reineck-baltz.de\/produkt\/2022-auszeit-rot-trocken\/#breadcrumb","itemListElement":[{"@type":"ListItem","position":1,"name":"Startseite","item":"https:\/\/weingut-reineck-baltz.de\/"},{"@type":"ListItem","position":2,"name":"Shop","item":"https:\/\/weingut-reineck-baltz.de\/shop\/"},{"@type":"ListItem","position":3,"name":"2022 AUSZEIT rot -trocken-"}]},{"@type":"WebSite","@id":"https:\/\/weingut-reineck-baltz.de\/#website","url":"https:\/\/weingut-reineck-baltz.de\/","name":"Weingut Reineck-Baltz","description":"","publisher":{"@id":"https:\/\/weingut-reineck-baltz.de\/#organization"},"potentialAction":[{"@type":"SearchAction","target":{"@type":"EntryPoint","urlTemplate":"https:\/\/weingut-reineck-baltz.de\/?s={search_term_string}"},"query-input":{"@type":"PropertyValueSpecification","valueRequired":true,"valueName":"search_term_string"}}],"inLanguage":"en-CA"},{"@type":"Organization","@id":"https:\/\/weingut-reineck-baltz.de\/#organization","name":"Weingut Reineck-Baltz","url":"https:\/\/weingut-reineck-baltz.de\/","logo":{"@type":"ImageObject","inLanguage":"en-CA","@id":"https:\/\/weingut-reineck-baltz.de\/#\/schema\/logo\/image\/","url":"https:\/\/weingut-reineck-baltz.de\/wp-content\/uploads\/2020\/12\/Logo_Farbe.svg","contentUrl":"https:\/\/weingut-reineck-baltz.de\/wp-content\/uploads\/2020\/12\/Logo_Farbe.svg","width":1805,"height":805,"caption":"Weingut Reineck-Baltz"},"image":{"@id":"https:\/\/weingut-reineck-baltz.de\/#\/schema\/logo\/image\/"}}]}},"jetpack_sharing_enabled":true,"_links":{"self":[{"href":"https:\/\/weingut-reineck-baltz.de\/en\/wp-json\/wp\/v2\/product\/6675","targetHints":{"allow":["GET"]}}],"collection":[{"href":"https:\/\/weingut-reineck-baltz.de\/en\/wp-json\/wp\/v2\/product"}],"about":[{"href":"https:\/\/weingut-reineck-baltz.de\/en\/wp-json\/wp\/v2\/types\/product"}],"version-history":[{"count":1,"href":"https:\/\/weingut-reineck-baltz.de\/en\/wp-json\/wp\/v2\/product\/6675\/revisions"}],"predecessor-version":[{"id":7651,"href":"https:\/\/weingut-reineck-baltz.de\/en\/wp-json\/wp\/v2\/product\/6675\/revisions\/7651"}],"wp:featuredmedia":[{"embeddable":true,"href":"https:\/\/weingut-reineck-baltz.de\/en\/wp-json\/wp\/v2\/media\/7512"}],"wp:attachment":[{"href":"https:\/\/weingut-reineck-baltz.de\/en\/wp-json\/wp\/v2\/media?parent=6675"}],"wp:term":[{"taxonomy":"product_brand","embeddable":true,"href":"https:\/\/weingut-reineck-baltz.de\/en\/wp-json\/wp\/v2\/product_brand?post=6675"},{"taxonomy":"product_cat","embeddable":true,"href":"https:\/\/weingut-reineck-baltz.de\/en\/wp-json\/wp\/v2\/product_cat?post=6675"},{"taxonomy":"product_tag","embeddable":true,"href":"https:\/\/weingut-reineck-baltz.de\/en\/wp-json\/wp\/v2\/product_tag?post=6675"}],"curies":[{"name":"wp","href":"https:\/\/api.w.org\/{rel}","templated":true}]}}