{"id":6673,"date":"2024-11-10T21:07:44","date_gmt":"2024-11-10T20:07:44","guid":{"rendered":"https:\/\/weingut-reineck-baltz.de\/?post_type=product&#038;p=6673"},"modified":"2026-03-26T13:57:17","modified_gmt":"2026-03-26T12:57:17","slug":"2024-pavillion-cuvee-rose-halbtrocken","status":"publish","type":"product","link":"https:\/\/weingut-reineck-baltz.de\/en\/product\/2024-pavillion-cuvee-rose-halbtrocken\/","title":{"rendered":"2024 PAVILLION CUVE\u00c8 Ros\u00e9 -halbtrocken-"},"content":{"rendered":"<p>Qualit\u00e4tswein<\/p>\n<p>Guntersblum<\/p>\n<p>rosa im Glas, mild, nach Erdbeeren duftend<\/p>","protected":false},"excerpt":{"rendered":"<p>Qualit\u00e4tswein<\/p>\n<p>Guntersblum<\/p>\n<p>rosa im Glas, mild, nach Erdbeeren duftend<\/p>","protected":false},"featured_media":7243,"template":"","meta":[],"product_brand":[],"product_cat":[36,38],"product_tag":[],"class_list":{"0":"post-6673","1":"product","2":"type-product","3":"status-publish","4":"has-post-thumbnail","6":"product_cat-blanc-de-noir-und-rose","7":"product_cat-rose","9":"first","10":"instock","11":"featured","12":"taxable","13":"shipping-taxable","14":"purchasable","15":"product-type-simple"},"yoast_head":"<!-- This site is optimized with the Yoast SEO plugin v27.0 - https:\/\/yoast.com\/product\/yoast-seo-wordpress\/ -->\n<title>2024 PAVILLION CUVE\u00c8 Ros\u00e9 -halbtrocken- Weingut Reineck-Baltz<\/title>\n<meta name=\"description\" content=\"Qualit\u00e4tswein - Guntersblum - rosa im Glas, mild, nach Erdbeeren duftend\" \/>\n<meta name=\"robots\" content=\"index, follow, max-snippet:-1, max-image-preview:large, max-video-preview:-1\" \/>\n<link rel=\"canonical\" href=\"https:\/\/weingut-reineck-baltz.de\/en\/product\/2024-pavillion-cuvee-rose-halbtrocken\/\" \/>\n<meta property=\"og:locale\" content=\"en_US\" \/>\n<meta property=\"og:type\" content=\"article\" \/>\n<meta property=\"og:title\" content=\"2024 PAVILLION CUVE\u00c8 Ros\u00e9 -halbtrocken- Weingut Reineck-Baltz\" \/>\n<meta property=\"og:description\" content=\"Qualit\u00e4tswein - Guntersblum - rosa im Glas, mild, nach Erdbeeren duftend\" \/>\n<meta property=\"og:url\" content=\"https:\/\/weingut-reineck-baltz.de\/en\/product\/2024-pavillion-cuvee-rose-halbtrocken\/\" \/>\n<meta property=\"og:site_name\" content=\"Weingut Reineck-Baltz\" \/>\n<meta property=\"article:modified_time\" content=\"2026-03-26T12:57:17+00:00\" \/>\n<meta property=\"og:image\" content=\"https:\/\/weingut-reineck-baltz.de\/wp-content\/uploads\/2025\/04\/kl_WEINGUT_REINECK_BALTZ_PAVILLON_CUVEE_ROSE_FS.jpg\" \/>\n\t<meta property=\"og:image:width\" content=\"900\" \/>\n\t<meta property=\"og:image:height\" content=\"1350\" \/>\n\t<meta property=\"og:image:type\" content=\"image\/jpeg\" \/>\n<meta name=\"twitter:card\" content=\"summary_large_image\" \/>\n<meta name=\"twitter:label1\" content=\"Est. reading time\" \/>\n\t<meta name=\"twitter:data1\" content=\"1 minute\" \/>\n<script type=\"application\/ld+json\" class=\"yoast-schema-graph\">{\"@context\":\"https:\/\/schema.org\",\"@graph\":[{\"@type\":\"WebPage\",\"@id\":\"https:\/\/weingut-reineck-baltz.de\/produkt\/2024-pavillion-cuvee-rose-halbtrocken\/\",\"url\":\"https:\/\/weingut-reineck-baltz.de\/produkt\/2024-pavillion-cuvee-rose-halbtrocken\/\",\"name\":\"2024 PAVILLION CUVE\u00c8 Ros\u00e9 -halbtrocken- Weingut Reineck-Baltz\",\"isPartOf\":{\"@id\":\"https:\/\/weingut-reineck-baltz.de\/#website\"},\"primaryImageOfPage\":{\"@id\":\"https:\/\/weingut-reineck-baltz.de\/produkt\/2024-pavillion-cuvee-rose-halbtrocken\/#primaryimage\"},\"image\":{\"@id\":\"https:\/\/weingut-reineck-baltz.de\/produkt\/2024-pavillion-cuvee-rose-halbtrocken\/#primaryimage\"},\"thumbnailUrl\":\"https:\/\/weingut-reineck-baltz.de\/wp-content\/uploads\/2025\/04\/kl_WEINGUT_REINECK_BALTZ_PAVILLON_CUVEE_ROSE_FS.jpg\",\"datePublished\":\"2024-11-10T20:07:44+00:00\",\"dateModified\":\"2026-03-26T12:57:17+00:00\",\"description\":\"Qualit\u00e4tswein - Guntersblum - rosa im Glas, mild, nach Erdbeeren duftend\",\"breadcrumb\":{\"@id\":\"https:\/\/weingut-reineck-baltz.de\/produkt\/2024-pavillion-cuvee-rose-halbtrocken\/#breadcrumb\"},\"inLanguage\":\"en-CA\",\"potentialAction\":[{\"@type\":\"ReadAction\",\"target\":[\"https:\/\/weingut-reineck-baltz.de\/produkt\/2024-pavillion-cuvee-rose-halbtrocken\/\"]}]},{\"@type\":\"ImageObject\",\"inLanguage\":\"en-CA\",\"@id\":\"https:\/\/weingut-reineck-baltz.de\/produkt\/2024-pavillion-cuvee-rose-halbtrocken\/#primaryimage\",\"url\":\"https:\/\/weingut-reineck-baltz.de\/wp-content\/uploads\/2025\/04\/kl_WEINGUT_REINECK_BALTZ_PAVILLON_CUVEE_ROSE_FS.jpg\",\"contentUrl\":\"https:\/\/weingut-reineck-baltz.de\/wp-content\/uploads\/2025\/04\/kl_WEINGUT_REINECK_BALTZ_PAVILLON_CUVEE_ROSE_FS.jpg\",\"width\":900,\"height\":1350},{\"@type\":\"BreadcrumbList\",\"@id\":\"https:\/\/weingut-reineck-baltz.de\/produkt\/2024-pavillion-cuvee-rose-halbtrocken\/#breadcrumb\",\"itemListElement\":[{\"@type\":\"ListItem\",\"position\":1,\"name\":\"Startseite\",\"item\":\"https:\/\/weingut-reineck-baltz.de\/\"},{\"@type\":\"ListItem\",\"position\":2,\"name\":\"Shop\",\"item\":\"https:\/\/weingut-reineck-baltz.de\/shop\/\"},{\"@type\":\"ListItem\",\"position\":3,\"name\":\"2024 PAVILLION CUVE\u00c8 Ros\u00e9 -halbtrocken-\"}]},{\"@type\":\"WebSite\",\"@id\":\"https:\/\/weingut-reineck-baltz.de\/#website\",\"url\":\"https:\/\/weingut-reineck-baltz.de\/\",\"name\":\"Weingut Reineck-Baltz\",\"description\":\"\",\"publisher\":{\"@id\":\"https:\/\/weingut-reineck-baltz.de\/#organization\"},\"potentialAction\":[{\"@type\":\"SearchAction\",\"target\":{\"@type\":\"EntryPoint\",\"urlTemplate\":\"https:\/\/weingut-reineck-baltz.de\/?s={search_term_string}\"},\"query-input\":{\"@type\":\"PropertyValueSpecification\",\"valueRequired\":true,\"valueName\":\"search_term_string\"}}],\"inLanguage\":\"en-CA\"},{\"@type\":\"Organization\",\"@id\":\"https:\/\/weingut-reineck-baltz.de\/#organization\",\"name\":\"Weingut Reineck-Baltz\",\"url\":\"https:\/\/weingut-reineck-baltz.de\/\",\"logo\":{\"@type\":\"ImageObject\",\"inLanguage\":\"en-CA\",\"@id\":\"https:\/\/weingut-reineck-baltz.de\/#\/schema\/logo\/image\/\",\"url\":\"https:\/\/weingut-reineck-baltz.de\/wp-content\/uploads\/2020\/12\/Logo_Farbe.svg\",\"contentUrl\":\"https:\/\/weingut-reineck-baltz.de\/wp-content\/uploads\/2020\/12\/Logo_Farbe.svg\",\"width\":1805,\"height\":805,\"caption\":\"Weingut Reineck-Baltz\"},\"image\":{\"@id\":\"https:\/\/weingut-reineck-baltz.de\/#\/schema\/logo\/image\/\"}}]}<\/script>\n<!-- \/ Yoast SEO plugin. -->","yoast_head_json":{"title":"2024 PAVILLION CUVE\u00c8 Ros\u00e9 -halbtrocken- Weingut Reineck-Baltz","description":"Qualit\u00e4tswein - Guntersblum - rosa im Glas, mild, nach Erdbeeren duftend","robots":{"index":"index","follow":"follow","max-snippet":"max-snippet:-1","max-image-preview":"max-image-preview:large","max-video-preview":"max-video-preview:-1"},"canonical":"https:\/\/weingut-reineck-baltz.de\/en\/product\/2024-pavillion-cuvee-rose-halbtrocken\/","og_locale":"en_US","og_type":"article","og_title":"2024 PAVILLION CUVE\u00c8 Ros\u00e9 -halbtrocken- Weingut Reineck-Baltz","og_description":"Qualit\u00e4tswein - Guntersblum - rosa im Glas, mild, nach Erdbeeren duftend","og_url":"https:\/\/weingut-reineck-baltz.de\/en\/product\/2024-pavillion-cuvee-rose-halbtrocken\/","og_site_name":"Weingut Reineck-Baltz","article_modified_time":"2026-03-26T12:57:17+00:00","og_image":[{"width":900,"height":1350,"url":"https:\/\/weingut-reineck-baltz.de\/wp-content\/uploads\/2025\/04\/kl_WEINGUT_REINECK_BALTZ_PAVILLON_CUVEE_ROSE_FS.jpg","type":"image\/jpeg"}],"twitter_card":"summary_large_image","twitter_misc":{"Est. reading time":"1 minute"},"schema":{"@context":"https:\/\/schema.org","@graph":[{"@type":"WebPage","@id":"https:\/\/weingut-reineck-baltz.de\/produkt\/2024-pavillion-cuvee-rose-halbtrocken\/","url":"https:\/\/weingut-reineck-baltz.de\/produkt\/2024-pavillion-cuvee-rose-halbtrocken\/","name":"2024 PAVILLION CUVE\u00c8 Ros\u00e9 -halbtrocken- Weingut Reineck-Baltz","isPartOf":{"@id":"https:\/\/weingut-reineck-baltz.de\/#website"},"primaryImageOfPage":{"@id":"https:\/\/weingut-reineck-baltz.de\/produkt\/2024-pavillion-cuvee-rose-halbtrocken\/#primaryimage"},"image":{"@id":"https:\/\/weingut-reineck-baltz.de\/produkt\/2024-pavillion-cuvee-rose-halbtrocken\/#primaryimage"},"thumbnailUrl":"https:\/\/weingut-reineck-baltz.de\/wp-content\/uploads\/2025\/04\/kl_WEINGUT_REINECK_BALTZ_PAVILLON_CUVEE_ROSE_FS.jpg","datePublished":"2024-11-10T20:07:44+00:00","dateModified":"2026-03-26T12:57:17+00:00","description":"Qualit\u00e4tswein - Guntersblum - rosa im Glas, mild, nach Erdbeeren duftend","breadcrumb":{"@id":"https:\/\/weingut-reineck-baltz.de\/produkt\/2024-pavillion-cuvee-rose-halbtrocken\/#breadcrumb"},"inLanguage":"en-CA","potentialAction":[{"@type":"ReadAction","target":["https:\/\/weingut-reineck-baltz.de\/produkt\/2024-pavillion-cuvee-rose-halbtrocken\/"]}]},{"@type":"ImageObject","inLanguage":"en-CA","@id":"https:\/\/weingut-reineck-baltz.de\/produkt\/2024-pavillion-cuvee-rose-halbtrocken\/#primaryimage","url":"https:\/\/weingut-reineck-baltz.de\/wp-content\/uploads\/2025\/04\/kl_WEINGUT_REINECK_BALTZ_PAVILLON_CUVEE_ROSE_FS.jpg","contentUrl":"https:\/\/weingut-reineck-baltz.de\/wp-content\/uploads\/2025\/04\/kl_WEINGUT_REINECK_BALTZ_PAVILLON_CUVEE_ROSE_FS.jpg","width":900,"height":1350},{"@type":"BreadcrumbList","@id":"https:\/\/weingut-reineck-baltz.de\/produkt\/2024-pavillion-cuvee-rose-halbtrocken\/#breadcrumb","itemListElement":[{"@type":"ListItem","position":1,"name":"Startseite","item":"https:\/\/weingut-reineck-baltz.de\/"},{"@type":"ListItem","position":2,"name":"Shop","item":"https:\/\/weingut-reineck-baltz.de\/shop\/"},{"@type":"ListItem","position":3,"name":"2024 PAVILLION CUVE\u00c8 Ros\u00e9 -halbtrocken-"}]},{"@type":"WebSite","@id":"https:\/\/weingut-reineck-baltz.de\/#website","url":"https:\/\/weingut-reineck-baltz.de\/","name":"Weingut Reineck-Baltz","description":"","publisher":{"@id":"https:\/\/weingut-reineck-baltz.de\/#organization"},"potentialAction":[{"@type":"SearchAction","target":{"@type":"EntryPoint","urlTemplate":"https:\/\/weingut-reineck-baltz.de\/?s={search_term_string}"},"query-input":{"@type":"PropertyValueSpecification","valueRequired":true,"valueName":"search_term_string"}}],"inLanguage":"en-CA"},{"@type":"Organization","@id":"https:\/\/weingut-reineck-baltz.de\/#organization","name":"Weingut Reineck-Baltz","url":"https:\/\/weingut-reineck-baltz.de\/","logo":{"@type":"ImageObject","inLanguage":"en-CA","@id":"https:\/\/weingut-reineck-baltz.de\/#\/schema\/logo\/image\/","url":"https:\/\/weingut-reineck-baltz.de\/wp-content\/uploads\/2020\/12\/Logo_Farbe.svg","contentUrl":"https:\/\/weingut-reineck-baltz.de\/wp-content\/uploads\/2020\/12\/Logo_Farbe.svg","width":1805,"height":805,"caption":"Weingut Reineck-Baltz"},"image":{"@id":"https:\/\/weingut-reineck-baltz.de\/#\/schema\/logo\/image\/"}}]}},"jetpack_sharing_enabled":true,"_links":{"self":[{"href":"https:\/\/weingut-reineck-baltz.de\/en\/wp-json\/wp\/v2\/product\/6673","targetHints":{"allow":["GET"]}}],"collection":[{"href":"https:\/\/weingut-reineck-baltz.de\/en\/wp-json\/wp\/v2\/product"}],"about":[{"href":"https:\/\/weingut-reineck-baltz.de\/en\/wp-json\/wp\/v2\/types\/product"}],"version-history":[{"count":1,"href":"https:\/\/weingut-reineck-baltz.de\/en\/wp-json\/wp\/v2\/product\/6673\/revisions"}],"predecessor-version":[{"id":7710,"href":"https:\/\/weingut-reineck-baltz.de\/en\/wp-json\/wp\/v2\/product\/6673\/revisions\/7710"}],"wp:featuredmedia":[{"embeddable":true,"href":"https:\/\/weingut-reineck-baltz.de\/en\/wp-json\/wp\/v2\/media\/7243"}],"wp:attachment":[{"href":"https:\/\/weingut-reineck-baltz.de\/en\/wp-json\/wp\/v2\/media?parent=6673"}],"wp:term":[{"taxonomy":"product_brand","embeddable":true,"href":"https:\/\/weingut-reineck-baltz.de\/en\/wp-json\/wp\/v2\/product_brand?post=6673"},{"taxonomy":"product_cat","embeddable":true,"href":"https:\/\/weingut-reineck-baltz.de\/en\/wp-json\/wp\/v2\/product_cat?post=6673"},{"taxonomy":"product_tag","embeddable":true,"href":"https:\/\/weingut-reineck-baltz.de\/en\/wp-json\/wp\/v2\/product_tag?post=6673"}],"curies":[{"name":"wp","href":"https:\/\/api.w.org\/{rel}","templated":true}]}}