{"id":6625,"date":"2024-11-10T15:23:38","date_gmt":"2024-11-10T14:23:38","guid":{"rendered":"https:\/\/weingut-reineck-baltz.de\/?page_id=6625"},"modified":"2024-11-10T15:28:59","modified_gmt":"2024-11-10T14:28:59","slug":"elementor-6625","status":"publish","type":"page","link":"https:\/\/weingut-reineck-baltz.de\/en\/elementor-6625\/","title":{"rendered":"Im Kontakt"},"content":{"rendered":"\t\t<div data-elementor-type=\"wp-page\" data-elementor-id=\"6625\" class=\"elementor elementor-6625\" data-elementor-post-type=\"page\">\n\t\t\t\t\t\t<section class=\"elementor-section elementor-top-section elementor-element elementor-element-5634a812 elementor-section-boxed elementor-section-height-default elementor-section-height-default\" data-id=\"5634a812\" data-element_type=\"section\" data-e-type=\"section\">\n\t\t\t\t\t\t<div class=\"elementor-container elementor-column-gap-default\">\n\t\t\t\t\t<div class=\"elementor-column elementor-col-100 elementor-top-column elementor-element elementor-element-2c119571\" data-id=\"2c119571\" data-element_type=\"column\" data-e-type=\"column\">\n\t\t\t<div class=\"elementor-widget-wrap elementor-element-populated\">\n\t\t\t\t\t\t<div class=\"elementor-element elementor-element-41caf114 elementor-widget elementor-widget-heading\" data-id=\"41caf114\" data-element_type=\"widget\" data-e-type=\"widget\" data-widget_type=\"heading.default\">\n\t\t\t\t<div class=\"elementor-widget-container\">\n\t\t\t\t\t<h3 class=\"elementor-heading-title elementor-size-default\">Kontakt<\/h3>\t\t\t\t<\/div>\n\t\t\t\t<\/div>\n\t\t\t\t<div class=\"elementor-element elementor-element-34123274 elementor-widget-divider--view-line elementor-widget elementor-widget-divider\" data-id=\"34123274\" data-element_type=\"widget\" data-e-type=\"widget\" data-widget_type=\"divider.default\">\n\t\t\t\t<div class=\"elementor-widget-container\">\n\t\t\t\t\t\t\t<div class=\"elementor-divider\">\n\t\t\t<span class=\"elementor-divider-separator\">\n\t\t\t\t\t\t<\/span>\n\t\t<\/div>\n\t\t\t\t\t\t<\/div>\n\t\t\t\t<\/div>\n\t\t\t\t\t<\/div>\n\t\t<\/div>\n\t\t\t\t\t<\/div>\n\t\t<\/section>\n\t\t\t\t<section class=\"elementor-section elementor-top-section elementor-element elementor-element-2670c5ec elementor-section-content-top elementor-section-boxed elementor-section-height-default elementor-section-height-default\" data-id=\"2670c5ec\" data-element_type=\"section\" data-e-type=\"section\">\n\t\t\t\t\t\t<div class=\"elementor-container elementor-column-gap-default\">\n\t\t\t\t\t<div class=\"elementor-column elementor-col-50 elementor-top-column elementor-element elementor-element-7b9736a1\" data-id=\"7b9736a1\" data-element_type=\"column\" data-e-type=\"column\">\n\t\t\t<div class=\"elementor-widget-wrap elementor-element-populated\">\n\t\t\t\t\t\t<div class=\"elementor-element elementor-element-196df67c elementor-widget elementor-widget-heading\" data-id=\"196df67c\" data-element_type=\"widget\" data-e-type=\"widget\" data-widget_type=\"heading.default\">\n\t\t\t\t<div class=\"elementor-widget-container\">\n\t\t\t\t\t<h3 class=\"elementor-heading-title elementor-size-default\">Vinothek im Kellerweg<\/h3>\t\t\t\t<\/div>\n\t\t\t\t<\/div>\n\t\t\t\t<div class=\"elementor-element elementor-element-10eb1069 elementor-widget elementor-widget-text-editor\" data-id=\"10eb1069\" data-element_type=\"widget\" data-e-type=\"widget\" data-widget_type=\"text-editor.default\">\n\t\t\t\t<div class=\"elementor-widget-container\">\n\t\t\t\t\t\t\t\t\t<p>Kellerweg 57<br>67583 Guntersblum<\/p>\n<p>Wir sind f\u00fcr Sie da:<br>Donnerstag bis Freitag: 16:00 &#8211; 18:00 Uhr<br>Samstags: 11:00 &#8211; 15:00 Uhr<\/p>\n<p>sowie jederzeit gerne nach telefonischer Vereinbarung.<\/p>\n<p>Weinverkauf: 0163 &#8211; 69 72 94 3<\/p>\t\t\t\t\t\t\t\t<\/div>\n\t\t\t\t<\/div>\n\t\t\t\t\t<\/div>\n\t\t<\/div>\n\t\t\t\t<div class=\"elementor-column elementor-col-50 elementor-top-column elementor-element elementor-element-7dbbfb0c\" data-id=\"7dbbfb0c\" data-element_type=\"column\" data-e-type=\"column\">\n\t\t\t<div class=\"elementor-widget-wrap\">\n\t\t\t\t\t\t\t<\/div>\n\t\t<\/div>\n\t\t\t\t\t<\/div>\n\t\t<\/section>\n\t\t\t\t<section class=\"elementor-section elementor-top-section elementor-element elementor-element-475d9216 elementor-section-content-top elementor-section-boxed elementor-section-height-default elementor-section-height-default\" data-id=\"475d9216\" data-element_type=\"section\" data-e-type=\"section\">\n\t\t\t\t\t\t<div class=\"elementor-container elementor-column-gap-default\">\n\t\t\t\t\t<div class=\"elementor-column elementor-col-50 elementor-top-column elementor-element elementor-element-31dbf165\" data-id=\"31dbf165\" data-element_type=\"column\" data-e-type=\"column\">\n\t\t\t<div class=\"elementor-widget-wrap elementor-element-populated\">\n\t\t\t\t\t\t<div class=\"elementor-element elementor-element-4d02ed91 elementor-widget elementor-widget-heading\" data-id=\"4d02ed91\" data-element_type=\"widget\" data-e-type=\"widget\" data-widget_type=\"heading.default\">\n\t\t\t\t<div class=\"elementor-widget-container\">\n\t\t\t\t\t<h3 class=\"elementor-heading-title elementor-size-default\">B\u00fcro<\/h3>\t\t\t\t<\/div>\n\t\t\t\t<\/div>\n\t\t\t\t<div class=\"elementor-element elementor-element-57a10f1e textlink elementor-widget elementor-widget-text-editor\" data-id=\"57a10f1e\" data-element_type=\"widget\" data-e-type=\"widget\" data-widget_type=\"text-editor.default\">\n\t\t\t\t<div class=\"elementor-widget-container\">\n\t\t\t\t\t\t\t\t\t<p>Weingut Reineck-Baltz<br \/>Kirchstra\u00dfe 6<br \/><span style=\"font-size: 1rem;\">67583 Guntersblum<\/span><\/p><p>B\u00fcro: 06249 &#8211; 85 56<br \/><span style=\"font-size: 1rem;\">Fax: 06249 &#8211; 67 05 56<br \/><\/span><span style=\"font-size: 1rem;\">Mobil: 0152 &#8211; 21 93 73 47<br \/><\/span><span style=\"font-size: 1rem;\">E-Mail: <a href=\"mailto:wein@weingut-reineck-baltz.de\">wein@weingut-reineck-baltz.de<\/a><\/span><\/p><p><span style=\"font-size: 1rem;\">Gerne nehmen wir Ihre Bestellung auch per Mail oder bequem \u00fcber unseren <a href=\"https:\/\/weingut-reineck-baltz.de\/shop\/\">Online-Shop<\/a> entgegen.<\/span><\/p>\t\t\t\t\t\t\t\t<\/div>\n\t\t\t\t<\/div>\n\t\t\t\t\t<\/div>\n\t\t<\/div>\n\t\t\t\t<div class=\"elementor-column elementor-col-50 elementor-top-column elementor-element elementor-element-6f421c2b\" data-id=\"6f421c2b\" data-element_type=\"column\" data-e-type=\"column\">\n\t\t\t<div class=\"elementor-widget-wrap\">\n\t\t\t\t\t\t\t<\/div>\n\t\t<\/div>\n\t\t\t\t\t<\/div>\n\t\t<\/section>\n\t\t\t\t<section class=\"elementor-section elementor-top-section elementor-element elementor-element-78b0e4e7 elementor-section-content-middle elementor-section-boxed elementor-section-height-default elementor-section-height-default\" data-id=\"78b0e4e7\" data-element_type=\"section\" data-e-type=\"section\" data-settings=\"{&quot;background_background&quot;:&quot;classic&quot;}\">\n\t\t\t\t\t\t<div class=\"elementor-container elementor-column-gap-no\">\n\t\t\t\t\t<div class=\"elementor-column elementor-col-100 elementor-top-column elementor-element elementor-element-26afea04\" data-id=\"26afea04\" data-element_type=\"column\" data-e-type=\"column\" data-settings=\"{&quot;background_background&quot;:&quot;classic&quot;}\">\n\t\t\t<div class=\"elementor-widget-wrap elementor-element-populated\">\n\t\t\t\t\t\t<div class=\"elementor-element elementor-element-2d49ad79 elementor-widget elementor-widget-heading\" data-id=\"2d49ad79\" data-element_type=\"widget\" data-e-type=\"widget\" data-widget_type=\"heading.default\">\n\t\t\t\t<div class=\"elementor-widget-container\">\n\t\t\t\t\t<h4 class=\"elementor-heading-title elementor-size-default\">Schreiben Sie uns<\/h4>\t\t\t\t<\/div>\n\t\t\t\t<\/div>\n\t\t\t\t<div class=\"elementor-element elementor-element-4a897381 elementor-widget-divider--view-line elementor-widget elementor-widget-divider\" data-id=\"4a897381\" data-element_type=\"widget\" data-e-type=\"widget\" data-widget_type=\"divider.default\">\n\t\t\t\t<div class=\"elementor-widget-container\">\n\t\t\t\t\t\t\t<div class=\"elementor-divider\">\n\t\t\t<span class=\"elementor-divider-separator\">\n\t\t\t\t\t\t<\/span>\n\t\t<\/div>\n\t\t\t\t\t\t<\/div>\n\t\t\t\t<\/div>\n\t\t\t\t<div class=\"elementor-element elementor-element-6cf186f1 elementor-button-align-end elementor-mobile-button-align-center elementor-widget elementor-widget-form\" data-id=\"6cf186f1\" data-element_type=\"widget\" data-e-type=\"widget\" data-settings=\"{&quot;step_next_label&quot;:&quot;N\\u00e4chster&quot;,&quot;step_previous_label&quot;:&quot;Voriger&quot;,&quot;button_width&quot;:&quot;100&quot;,&quot;step_type&quot;:&quot;number_text&quot;,&quot;step_icon_shape&quot;:&quot;circle&quot;}\" data-widget_type=\"form.default\">\n\t\t\t\t<div class=\"elementor-widget-container\">\n\t\t\t\t\t\t\t<form class=\"elementor-form\" method=\"post\" name=\"New Form\" aria-label=\"New Form\">\n\t\t\t<input type=\"hidden\" name=\"post_id\" value=\"6625\"\/>\n\t\t\t<input type=\"hidden\" name=\"form_id\" value=\"6cf186f1\"\/>\n\t\t\t<input type=\"hidden\" name=\"referer_title\" value=\"Im Kontakt - Weingut Reineck-Baltz\" \/>\n\n\t\t\t\t\t\t\t<input type=\"hidden\" name=\"queried_id\" value=\"6625\"\/>\n\t\t\t\n\t\t\t<div class=\"elementor-form-fields-wrapper elementor-labels-\">\n\t\t\t\t\t\t\t\t<div class=\"elementor-field-type-text\">\n\t\t\t\t\t<input size=\"1\" type=\"text\" name=\"form_fields[field_0340290]\" id=\"form-field-field_0340290\" class=\"elementor-field elementor-size-xs \" style=\"display:none !important;\">\t\t\t\t<\/div>\n\t\t\t\t\t\t\t\t<div class=\"elementor-field-type-text elementor-field-group elementor-column elementor-field-group-name elementor-col-50 elementor-field-required\">\n\t\t\t\t\t\t\t\t\t\t\t\t\t<input size=\"1\" type=\"text\" name=\"form_fields[name]\" id=\"form-field-name\" class=\"elementor-field elementor-size-xs  elementor-field-textual\" placeholder=\"Vorname, Name\" required=\"required\">\n\t\t\t\t\t\t\t\t\t\t\t<\/div>\n\t\t\t\t\t\t\t\t<div class=\"elementor-field-type-email elementor-field-group elementor-column elementor-field-group-email elementor-col-50 elementor-field-required\">\n\t\t\t\t\t\t\t\t\t\t\t\t\t<input size=\"1\" type=\"email\" name=\"form_fields[email]\" id=\"form-field-email\" class=\"elementor-field elementor-size-xs  elementor-field-textual\" placeholder=\"E-Mail\" required=\"required\">\n\t\t\t\t\t\t\t\t\t\t\t<\/div>\n\t\t\t\t\t\t\t\t<div class=\"elementor-field-type-textarea elementor-field-group elementor-column elementor-field-group-6ed25c0 elementor-col-100\">\n\t\t\t\t\t<textarea class=\"elementor-field-textual elementor-field  elementor-size-xs\" name=\"form_fields[6ed25c0]\" id=\"form-field-6ed25c0\" rows=\"4\" placeholder=\"Ihre Nachricht\"><\/textarea>\t\t\t\t<\/div>\n\t\t\t\t\t\t\t\t<div class=\"elementor-field-type-text\">\n\t\t\t\t\t<input size=\"1\" type=\"text\" name=\"form_fields[field_46d43ab]\" id=\"form-field-field_46d43ab\" class=\"elementor-field elementor-size-xs \" style=\"display:none !important;\">\t\t\t\t<\/div>\n\t\t\t\t\t\t\t\t<div class=\"elementor-field-type-recaptcha elementor-field-group elementor-column elementor-field-group-field_9d8e88d elementor-col-100\">\n\t\t\t\t\t<div class=\"elementor-field\" id=\"form-field-field_9d8e88d\"><\/div>\t\t\t\t<\/div>\n\t\t\t\t\t\t\t\t<div class=\"elementor-field-group elementor-column elementor-field-type-submit elementor-col-100 e-form__buttons\">\n\t\t\t\t\t<button class=\"elementor-button elementor-size-md\" type=\"submit\">\n\t\t\t\t\t\t<span class=\"elementor-button-content-wrapper\">\n\t\t\t\t\t\t\t\t\t\t\t\t\t\t\t\t\t\t\t\t\t\t<span class=\"elementor-button-text\">senden<\/span>\n\t\t\t\t\t\t\t\t\t\t\t\t\t<\/span>\n\t\t\t\t\t<\/button>\n\t\t\t\t<\/div>\n\t\t\t<\/div>\n\t\t<\/form>\n\t\t\t\t\t\t<\/div>\n\t\t\t\t<\/div>\n\t\t\t\t\t<\/div>\n\t\t<\/div>\n\t\t\t\t\t<\/div>\n\t\t<\/section>\n\t\t\t\t<\/div>\n\t\t","protected":false},"excerpt":{"rendered":"<p>Kontakt Vinothek im Kellerweg Kellerweg 5767583 Guntersblum Wir sind f\u00fcr Sie da:Donnerstag bis Freitag: 16:00 &#8211; 18:00 UhrSamstags: 11:00 &#8211; 15:00 Uhr sowie jederzeit gerne nach telefonischer Vereinbarung. Weinverkauf: 0163 &#8211; 69 72 94 3 B\u00fcro Weingut Reineck-BaltzKirchstra\u00dfe 667583 Guntersblum B\u00fcro: 06249 &#8211; 85 56Fax: 06249 &#8211; 67 05 56Mobil: 0152 &#8211; 21 93 73 [&hellip;]<\/p>\n","protected":false},"author":2,"featured_media":0,"parent":0,"menu_order":0,"comment_status":"closed","ping_status":"closed","template":"","meta":{"footnotes":""},"class_list":["post-6625","page","type-page","status-publish","hentry"],"yoast_head":"<!-- This site is optimized with the Yoast SEO plugin v27.0 - https:\/\/yoast.com\/product\/yoast-seo-wordpress\/ -->\n<title>Im Kontakt - Weingut Reineck-Baltz<\/title>\n<meta name=\"robots\" content=\"index, follow, max-snippet:-1, max-image-preview:large, max-video-preview:-1\" \/>\n<link rel=\"canonical\" href=\"https:\/\/weingut-reineck-baltz.de\/en\/elementor-6625\/\" \/>\n<meta property=\"og:locale\" content=\"en_US\" \/>\n<meta property=\"og:type\" content=\"article\" \/>\n<meta property=\"og:title\" content=\"Im Kontakt - Weingut Reineck-Baltz\" \/>\n<meta property=\"og:description\" content=\"Kontakt Vinothek im Kellerweg Kellerweg 5767583 Guntersblum Wir sind f\u00fcr Sie da:Donnerstag bis Freitag: 16:00 &#8211; 18:00 UhrSamstags: 11:00 &#8211; 15:00 Uhr sowie jederzeit gerne nach telefonischer Vereinbarung. Weinverkauf: 0163 &#8211; 69 72 94 3 B\u00fcro Weingut Reineck-BaltzKirchstra\u00dfe 667583 Guntersblum B\u00fcro: 06249 &#8211; 85 56Fax: 06249 &#8211; 67 05 56Mobil: 0152 &#8211; 21 93 73 [&hellip;]\" \/>\n<meta property=\"og:url\" content=\"https:\/\/weingut-reineck-baltz.de\/en\/elementor-6625\/\" \/>\n<meta property=\"og:site_name\" content=\"Weingut Reineck-Baltz\" \/>\n<meta property=\"article:modified_time\" content=\"2024-11-10T14:28:59+00:00\" \/>\n<meta name=\"twitter:card\" content=\"summary_large_image\" \/>\n<meta name=\"twitter:label1\" content=\"Est. reading time\" \/>\n\t<meta name=\"twitter:data1\" content=\"1 minute\" \/>\n<script type=\"application\/ld+json\" class=\"yoast-schema-graph\">{\"@context\":\"https:\/\/schema.org\",\"@graph\":[{\"@type\":\"WebPage\",\"@id\":\"https:\/\/weingut-reineck-baltz.de\/elementor-6625\/\",\"url\":\"https:\/\/weingut-reineck-baltz.de\/elementor-6625\/\",\"name\":\"Im Kontakt - Weingut Reineck-Baltz\",\"isPartOf\":{\"@id\":\"https:\/\/weingut-reineck-baltz.de\/#website\"},\"datePublished\":\"2024-11-10T14:23:38+00:00\",\"dateModified\":\"2024-11-10T14:28:59+00:00\",\"breadcrumb\":{\"@id\":\"https:\/\/weingut-reineck-baltz.de\/elementor-6625\/#breadcrumb\"},\"inLanguage\":\"en-CA\",\"potentialAction\":[{\"@type\":\"ReadAction\",\"target\":[\"https:\/\/weingut-reineck-baltz.de\/elementor-6625\/\"]}]},{\"@type\":\"BreadcrumbList\",\"@id\":\"https:\/\/weingut-reineck-baltz.de\/elementor-6625\/#breadcrumb\",\"itemListElement\":[{\"@type\":\"ListItem\",\"position\":1,\"name\":\"Startseite\",\"item\":\"https:\/\/weingut-reineck-baltz.de\/\"},{\"@type\":\"ListItem\",\"position\":2,\"name\":\"Im Kontakt\"}]},{\"@type\":\"WebSite\",\"@id\":\"https:\/\/weingut-reineck-baltz.de\/#website\",\"url\":\"https:\/\/weingut-reineck-baltz.de\/\",\"name\":\"Weingut Reineck-Baltz\",\"description\":\"\",\"publisher\":{\"@id\":\"https:\/\/weingut-reineck-baltz.de\/#organization\"},\"potentialAction\":[{\"@type\":\"SearchAction\",\"target\":{\"@type\":\"EntryPoint\",\"urlTemplate\":\"https:\/\/weingut-reineck-baltz.de\/?s={search_term_string}\"},\"query-input\":{\"@type\":\"PropertyValueSpecification\",\"valueRequired\":true,\"valueName\":\"search_term_string\"}}],\"inLanguage\":\"en-CA\"},{\"@type\":\"Organization\",\"@id\":\"https:\/\/weingut-reineck-baltz.de\/#organization\",\"name\":\"Weingut Reineck-Baltz\",\"url\":\"https:\/\/weingut-reineck-baltz.de\/\",\"logo\":{\"@type\":\"ImageObject\",\"inLanguage\":\"en-CA\",\"@id\":\"https:\/\/weingut-reineck-baltz.de\/#\/schema\/logo\/image\/\",\"url\":\"https:\/\/weingut-reineck-baltz.de\/wp-content\/uploads\/2020\/12\/Logo_Farbe.svg\",\"contentUrl\":\"https:\/\/weingut-reineck-baltz.de\/wp-content\/uploads\/2020\/12\/Logo_Farbe.svg\",\"width\":1805,\"height\":805,\"caption\":\"Weingut Reineck-Baltz\"},\"image\":{\"@id\":\"https:\/\/weingut-reineck-baltz.de\/#\/schema\/logo\/image\/\"}}]}<\/script>\n<!-- \/ Yoast SEO plugin. -->","yoast_head_json":{"title":"Im Kontakt - Weingut Reineck-Baltz","robots":{"index":"index","follow":"follow","max-snippet":"max-snippet:-1","max-image-preview":"max-image-preview:large","max-video-preview":"max-video-preview:-1"},"canonical":"https:\/\/weingut-reineck-baltz.de\/en\/elementor-6625\/","og_locale":"en_US","og_type":"article","og_title":"Im Kontakt - Weingut Reineck-Baltz","og_description":"Kontakt Vinothek im Kellerweg Kellerweg 5767583 Guntersblum Wir sind f\u00fcr Sie da:Donnerstag bis Freitag: 16:00 &#8211; 18:00 UhrSamstags: 11:00 &#8211; 15:00 Uhr sowie jederzeit gerne nach telefonischer Vereinbarung. Weinverkauf: 0163 &#8211; 69 72 94 3 B\u00fcro Weingut Reineck-BaltzKirchstra\u00dfe 667583 Guntersblum B\u00fcro: 06249 &#8211; 85 56Fax: 06249 &#8211; 67 05 56Mobil: 0152 &#8211; 21 93 73 [&hellip;]","og_url":"https:\/\/weingut-reineck-baltz.de\/en\/elementor-6625\/","og_site_name":"Weingut Reineck-Baltz","article_modified_time":"2024-11-10T14:28:59+00:00","twitter_card":"summary_large_image","twitter_misc":{"Est. reading time":"1 minute"},"schema":{"@context":"https:\/\/schema.org","@graph":[{"@type":"WebPage","@id":"https:\/\/weingut-reineck-baltz.de\/elementor-6625\/","url":"https:\/\/weingut-reineck-baltz.de\/elementor-6625\/","name":"Im Kontakt - Weingut Reineck-Baltz","isPartOf":{"@id":"https:\/\/weingut-reineck-baltz.de\/#website"},"datePublished":"2024-11-10T14:23:38+00:00","dateModified":"2024-11-10T14:28:59+00:00","breadcrumb":{"@id":"https:\/\/weingut-reineck-baltz.de\/elementor-6625\/#breadcrumb"},"inLanguage":"en-CA","potentialAction":[{"@type":"ReadAction","target":["https:\/\/weingut-reineck-baltz.de\/elementor-6625\/"]}]},{"@type":"BreadcrumbList","@id":"https:\/\/weingut-reineck-baltz.de\/elementor-6625\/#breadcrumb","itemListElement":[{"@type":"ListItem","position":1,"name":"Startseite","item":"https:\/\/weingut-reineck-baltz.de\/"},{"@type":"ListItem","position":2,"name":"Im Kontakt"}]},{"@type":"WebSite","@id":"https:\/\/weingut-reineck-baltz.de\/#website","url":"https:\/\/weingut-reineck-baltz.de\/","name":"Weingut Reineck-Baltz","description":"","publisher":{"@id":"https:\/\/weingut-reineck-baltz.de\/#organization"},"potentialAction":[{"@type":"SearchAction","target":{"@type":"EntryPoint","urlTemplate":"https:\/\/weingut-reineck-baltz.de\/?s={search_term_string}"},"query-input":{"@type":"PropertyValueSpecification","valueRequired":true,"valueName":"search_term_string"}}],"inLanguage":"en-CA"},{"@type":"Organization","@id":"https:\/\/weingut-reineck-baltz.de\/#organization","name":"Weingut Reineck-Baltz","url":"https:\/\/weingut-reineck-baltz.de\/","logo":{"@type":"ImageObject","inLanguage":"en-CA","@id":"https:\/\/weingut-reineck-baltz.de\/#\/schema\/logo\/image\/","url":"https:\/\/weingut-reineck-baltz.de\/wp-content\/uploads\/2020\/12\/Logo_Farbe.svg","contentUrl":"https:\/\/weingut-reineck-baltz.de\/wp-content\/uploads\/2020\/12\/Logo_Farbe.svg","width":1805,"height":805,"caption":"Weingut Reineck-Baltz"},"image":{"@id":"https:\/\/weingut-reineck-baltz.de\/#\/schema\/logo\/image\/"}}]}},"jetpack_sharing_enabled":true,"_links":{"self":[{"href":"https:\/\/weingut-reineck-baltz.de\/en\/wp-json\/wp\/v2\/pages\/6625","targetHints":{"allow":["GET"]}}],"collection":[{"href":"https:\/\/weingut-reineck-baltz.de\/en\/wp-json\/wp\/v2\/pages"}],"about":[{"href":"https:\/\/weingut-reineck-baltz.de\/en\/wp-json\/wp\/v2\/types\/page"}],"author":[{"embeddable":true,"href":"https:\/\/weingut-reineck-baltz.de\/en\/wp-json\/wp\/v2\/users\/2"}],"replies":[{"embeddable":true,"href":"https:\/\/weingut-reineck-baltz.de\/en\/wp-json\/wp\/v2\/comments?post=6625"}],"version-history":[{"count":0,"href":"https:\/\/weingut-reineck-baltz.de\/en\/wp-json\/wp\/v2\/pages\/6625\/revisions"}],"wp:attachment":[{"href":"https:\/\/weingut-reineck-baltz.de\/en\/wp-json\/wp\/v2\/media?parent=6625"}],"curies":[{"name":"wp","href":"https:\/\/api.w.org\/{rel}","templated":true}]}}