{"id":15,"date":"2020-12-06T11:23:22","date_gmt":"2020-12-06T10:23:22","guid":{"rendered":"http:\/\/heinrichs-shop.de\/impressum\/"},"modified":"2022-02-09T15:03:54","modified_gmt":"2022-02-09T14:03:54","slug":"impressum","status":"publish","type":"page","link":"https:\/\/weingut-reineck-baltz.de\/en\/impressum\/","title":{"rendered":"Impressum"},"content":{"rendered":"<div data-elementor-type=\"wp-page\" data-elementor-id=\"15\" class=\"elementor elementor-15\" data-elementor-post-type=\"page\">\n\t\t\t\t\t\t<section class=\"elementor-section elementor-top-section elementor-element elementor-element-695a0ce elementor-section-boxed elementor-section-height-default elementor-section-height-default\" data-id=\"695a0ce\" data-element_type=\"section\" data-e-type=\"section\">\n\t\t\t\t\t\t<div class=\"elementor-container elementor-column-gap-default\">\n\t\t\t\t\t<div class=\"elementor-column elementor-col-100 elementor-top-column elementor-element elementor-element-be4d1a9\" data-id=\"be4d1a9\" data-element_type=\"column\" data-e-type=\"column\">\n\t\t\t<div class=\"elementor-widget-wrap elementor-element-populated\">\n\t\t\t\t\t\t<div class=\"elementor-element elementor-element-2a3cdd9 elementor-widget elementor-widget-heading\" data-id=\"2a3cdd9\" data-element_type=\"widget\" data-e-type=\"widget\" data-widget_type=\"heading.default\">\n\t\t\t\t<div class=\"elementor-widget-container\">\n\t\t\t\t\t<h2 class=\"elementor-heading-title elementor-size-default\">Impressum<\/h2>\t\t\t\t<\/div>\n\t\t\t\t<\/div>\n\t\t\t\t<div class=\"elementor-element elementor-element-6f9320e elementor-widget-divider--view-line elementor-widget elementor-widget-divider\" data-id=\"6f9320e\" data-element_type=\"widget\" data-e-type=\"widget\" data-widget_type=\"divider.default\">\n\t\t\t\t<div class=\"elementor-widget-container\">\n\t\t\t\t\t\t\t<div class=\"elementor-divider\">\n\t\t\t<span class=\"elementor-divider-separator\">\n\t\t\t\t\t\t<\/span>\n\t\t<\/div>\n\t\t\t\t\t\t<\/div>\n\t\t\t\t<\/div>\n\t\t\t\t<div class=\"elementor-element elementor-element-29cd237 elementor-widget elementor-widget-text-editor\" data-id=\"29cd237\" data-element_type=\"widget\" data-e-type=\"widget\" data-widget_type=\"text-editor.default\">\n\t\t\t\t<div class=\"elementor-widget-container\">\n\t\t\t\t\t\t\t\t\t<p>Gerne k\u00f6nnen sich sich mit Fragen, Problemen oder Anregungen zur Website an <u>lucia@weingut-reineck-baltz.de<\/u> wenden.<br><span style=\"color: var( --e-global-color-text ); font-size: 1rem;\"><br>Weingut Reineck-Baltz GbR Inhaber:&nbsp;Reinhard Baltz, Christa Reineck-Baltz, Constantin Baltz&nbsp;<br><\/span><span style=\"color: var( --e-global-color-text ); font-size: 1rem;\">Adresse: Kirchstr. 6,&nbsp;<\/span><span style=\"color: var( --e-global-color-text ); font-size: 1rem;\">67583 Guntersblum<\/span><\/p>\n<p>Tel.: +49 6249-8556<br>Fax: +49 6249-670556<br><br>Email: wein@weingut-reineck-baltz.de<br>Internet: weingut-reineck-baltz.de<\/p>\n<p>Umsatzsteuer-Indentifikationsnummer: DE206658647<br><br><br><b style=\"color: rgb(51, 51, 51); font-size: 1.375rem;\">Aufsichtsbeh\u00f6rde<\/b><\/p>\n<p>Ministerium f\u00fcr Wirtschaft, Verkehr, Landwirtschaft und Weinbau, Stiftsstr. 9, 55116 Mainz<br>Wir geh\u00f6ren der Landwirtschaftskammer Rheinland-Pfalz, Burgenlandstr. 7, 55543 Bad Kreuznach an.<br>Gesetzliche Grundlage unserer T\u00e4tigkeit: Weingesetz (WeinG.)<br><br><br><b style=\"color: rgb(51, 51, 51); font-size: 1.375rem;\">Haftungshinweis<br><\/b><font color=\"#333333\"><span style=\"font-size: 22px;\"><b><br><\/b><\/span><\/font><span style=\"font-size: 1em;\">Trotz sorgf\u00e4ltiger inhaltlicher Kontrolle \u00fcbernehmen wir keine Haftung f\u00fcr den Inhalt externer Links. F\u00fcr den Inhalt der verlinkten Seiten sind ausschlie\u00dflich deren Betreiber verantwortlich.&nbsp;<\/span><\/p>\t\t\t\t\t\t\t\t<\/div>\n\t\t\t\t<\/div>\n\t\t\t\t\t<\/div>\n\t\t<\/div>\n\t\t\t\t\t<\/div>\n\t\t<\/section>\n\t\t\t\t<\/div>","protected":false},"excerpt":{"rendered":"<p>Impressum Gerne k\u00f6nnen sich sich mit Fragen, Problemen oder Anregungen zur Website an lucia@weingut-reineck-baltz.de wenden. Weingut Reineck-Baltz GbR Inhaber:&nbsp;Reinhard Baltz, Christa Reineck-Baltz, Constantin Baltz&nbsp;Adresse: Kirchstr. 6,&nbsp;67583 Guntersblum Tel.: +49 6249-8556Fax: +49 6249-670556 Email: wein@weingut-reineck-baltz.deInternet: weingut-reineck-baltz.de Umsatzsteuer-Indentifikationsnummer: DE206658647 Aufsichtsbeh\u00f6rde Ministerium f\u00fcr Wirtschaft, Verkehr, Landwirtschaft und Weinbau, Stiftsstr. 9, 55116 MainzWir geh\u00f6ren der Landwirtschaftskammer Rheinland-Pfalz, Burgenlandstr. 7, [&hellip;]<\/p>\n","protected":false},"author":1,"featured_media":0,"parent":0,"menu_order":0,"comment_status":"closed","ping_status":"closed","template":"elementor_header_footer","meta":{"footnotes":""},"class_list":["post-15","page","type-page","status-publish","hentry"],"yoast_head":"<!-- This site is optimized with the Yoast SEO plugin v27.0 - https:\/\/yoast.com\/product\/yoast-seo-wordpress\/ -->\n<title>Impressum - Weingut Reineck-Baltz<\/title>\n<meta name=\"robots\" content=\"index, follow, max-snippet:-1, max-image-preview:large, max-video-preview:-1\" \/>\n<link rel=\"canonical\" href=\"https:\/\/weingut-reineck-baltz.de\/en\/impressum\/\" \/>\n<meta property=\"og:locale\" content=\"en_US\" \/>\n<meta property=\"og:type\" content=\"article\" \/>\n<meta property=\"og:title\" content=\"Impressum - Weingut Reineck-Baltz\" \/>\n<meta property=\"og:description\" content=\"Impressum Gerne k\u00f6nnen sich sich mit Fragen, Problemen oder Anregungen zur Website an lucia@weingut-reineck-baltz.de wenden. Weingut Reineck-Baltz GbR Inhaber:&nbsp;Reinhard Baltz, Christa Reineck-Baltz, Constantin Baltz&nbsp;Adresse: Kirchstr. 6,&nbsp;67583 Guntersblum Tel.: +49 6249-8556Fax: +49 6249-670556 Email: wein@weingut-reineck-baltz.deInternet: weingut-reineck-baltz.de Umsatzsteuer-Indentifikationsnummer: DE206658647 Aufsichtsbeh\u00f6rde Ministerium f\u00fcr Wirtschaft, Verkehr, Landwirtschaft und Weinbau, Stiftsstr. 9, 55116 MainzWir geh\u00f6ren der Landwirtschaftskammer Rheinland-Pfalz, Burgenlandstr. 7, [&hellip;]\" \/>\n<meta property=\"og:url\" content=\"https:\/\/weingut-reineck-baltz.de\/en\/impressum\/\" \/>\n<meta property=\"og:site_name\" content=\"Weingut Reineck-Baltz\" \/>\n<meta property=\"article:modified_time\" content=\"2022-02-09T14:03:54+00:00\" \/>\n<meta name=\"twitter:card\" content=\"summary_large_image\" \/>\n<meta name=\"twitter:label1\" content=\"Est. reading time\" \/>\n\t<meta name=\"twitter:data1\" content=\"2 minutes\" \/>\n<script type=\"application\/ld+json\" class=\"yoast-schema-graph\">{\"@context\":\"https:\/\/schema.org\",\"@graph\":[{\"@type\":\"WebPage\",\"@id\":\"https:\/\/weingut-reineck-baltz.de\/impressum\/\",\"url\":\"https:\/\/weingut-reineck-baltz.de\/impressum\/\",\"name\":\"Impressum - Weingut Reineck-Baltz\",\"isPartOf\":{\"@id\":\"https:\/\/weingut-reineck-baltz.de\/#website\"},\"datePublished\":\"2020-12-06T10:23:22+00:00\",\"dateModified\":\"2022-02-09T14:03:54+00:00\",\"breadcrumb\":{\"@id\":\"https:\/\/weingut-reineck-baltz.de\/impressum\/#breadcrumb\"},\"inLanguage\":\"en-CA\",\"potentialAction\":[{\"@type\":\"ReadAction\",\"target\":[\"https:\/\/weingut-reineck-baltz.de\/impressum\/\"]}]},{\"@type\":\"BreadcrumbList\",\"@id\":\"https:\/\/weingut-reineck-baltz.de\/impressum\/#breadcrumb\",\"itemListElement\":[{\"@type\":\"ListItem\",\"position\":1,\"name\":\"Startseite\",\"item\":\"https:\/\/weingut-reineck-baltz.de\/\"},{\"@type\":\"ListItem\",\"position\":2,\"name\":\"Impressum\"}]},{\"@type\":\"WebSite\",\"@id\":\"https:\/\/weingut-reineck-baltz.de\/#website\",\"url\":\"https:\/\/weingut-reineck-baltz.de\/\",\"name\":\"Weingut Reineck-Baltz\",\"description\":\"\",\"publisher\":{\"@id\":\"https:\/\/weingut-reineck-baltz.de\/#organization\"},\"potentialAction\":[{\"@type\":\"SearchAction\",\"target\":{\"@type\":\"EntryPoint\",\"urlTemplate\":\"https:\/\/weingut-reineck-baltz.de\/?s={search_term_string}\"},\"query-input\":{\"@type\":\"PropertyValueSpecification\",\"valueRequired\":true,\"valueName\":\"search_term_string\"}}],\"inLanguage\":\"en-CA\"},{\"@type\":\"Organization\",\"@id\":\"https:\/\/weingut-reineck-baltz.de\/#organization\",\"name\":\"Weingut Reineck-Baltz\",\"url\":\"https:\/\/weingut-reineck-baltz.de\/\",\"logo\":{\"@type\":\"ImageObject\",\"inLanguage\":\"en-CA\",\"@id\":\"https:\/\/weingut-reineck-baltz.de\/#\/schema\/logo\/image\/\",\"url\":\"https:\/\/weingut-reineck-baltz.de\/wp-content\/uploads\/2020\/12\/Logo_Farbe.svg\",\"contentUrl\":\"https:\/\/weingut-reineck-baltz.de\/wp-content\/uploads\/2020\/12\/Logo_Farbe.svg\",\"width\":1805,\"height\":805,\"caption\":\"Weingut Reineck-Baltz\"},\"image\":{\"@id\":\"https:\/\/weingut-reineck-baltz.de\/#\/schema\/logo\/image\/\"}}]}<\/script>\n<!-- \/ Yoast SEO plugin. -->","yoast_head_json":{"title":"Impressum - Weingut Reineck-Baltz","robots":{"index":"index","follow":"follow","max-snippet":"max-snippet:-1","max-image-preview":"max-image-preview:large","max-video-preview":"max-video-preview:-1"},"canonical":"https:\/\/weingut-reineck-baltz.de\/en\/impressum\/","og_locale":"en_US","og_type":"article","og_title":"Impressum - Weingut Reineck-Baltz","og_description":"Impressum Gerne k\u00f6nnen sich sich mit Fragen, Problemen oder Anregungen zur Website an lucia@weingut-reineck-baltz.de wenden. Weingut Reineck-Baltz GbR Inhaber:&nbsp;Reinhard Baltz, Christa Reineck-Baltz, Constantin Baltz&nbsp;Adresse: Kirchstr. 6,&nbsp;67583 Guntersblum Tel.: +49 6249-8556Fax: +49 6249-670556 Email: wein@weingut-reineck-baltz.deInternet: weingut-reineck-baltz.de Umsatzsteuer-Indentifikationsnummer: DE206658647 Aufsichtsbeh\u00f6rde Ministerium f\u00fcr Wirtschaft, Verkehr, Landwirtschaft und Weinbau, Stiftsstr. 9, 55116 MainzWir geh\u00f6ren der Landwirtschaftskammer Rheinland-Pfalz, Burgenlandstr. 7, [&hellip;]","og_url":"https:\/\/weingut-reineck-baltz.de\/en\/impressum\/","og_site_name":"Weingut Reineck-Baltz","article_modified_time":"2022-02-09T14:03:54+00:00","twitter_card":"summary_large_image","twitter_misc":{"Est. reading time":"2 minutes"},"schema":{"@context":"https:\/\/schema.org","@graph":[{"@type":"WebPage","@id":"https:\/\/weingut-reineck-baltz.de\/impressum\/","url":"https:\/\/weingut-reineck-baltz.de\/impressum\/","name":"Impressum - Weingut Reineck-Baltz","isPartOf":{"@id":"https:\/\/weingut-reineck-baltz.de\/#website"},"datePublished":"2020-12-06T10:23:22+00:00","dateModified":"2022-02-09T14:03:54+00:00","breadcrumb":{"@id":"https:\/\/weingut-reineck-baltz.de\/impressum\/#breadcrumb"},"inLanguage":"en-CA","potentialAction":[{"@type":"ReadAction","target":["https:\/\/weingut-reineck-baltz.de\/impressum\/"]}]},{"@type":"BreadcrumbList","@id":"https:\/\/weingut-reineck-baltz.de\/impressum\/#breadcrumb","itemListElement":[{"@type":"ListItem","position":1,"name":"Startseite","item":"https:\/\/weingut-reineck-baltz.de\/"},{"@type":"ListItem","position":2,"name":"Impressum"}]},{"@type":"WebSite","@id":"https:\/\/weingut-reineck-baltz.de\/#website","url":"https:\/\/weingut-reineck-baltz.de\/","name":"Weingut Reineck-Baltz","description":"","publisher":{"@id":"https:\/\/weingut-reineck-baltz.de\/#organization"},"potentialAction":[{"@type":"SearchAction","target":{"@type":"EntryPoint","urlTemplate":"https:\/\/weingut-reineck-baltz.de\/?s={search_term_string}"},"query-input":{"@type":"PropertyValueSpecification","valueRequired":true,"valueName":"search_term_string"}}],"inLanguage":"en-CA"},{"@type":"Organization","@id":"https:\/\/weingut-reineck-baltz.de\/#organization","name":"Weingut Reineck-Baltz","url":"https:\/\/weingut-reineck-baltz.de\/","logo":{"@type":"ImageObject","inLanguage":"en-CA","@id":"https:\/\/weingut-reineck-baltz.de\/#\/schema\/logo\/image\/","url":"https:\/\/weingut-reineck-baltz.de\/wp-content\/uploads\/2020\/12\/Logo_Farbe.svg","contentUrl":"https:\/\/weingut-reineck-baltz.de\/wp-content\/uploads\/2020\/12\/Logo_Farbe.svg","width":1805,"height":805,"caption":"Weingut Reineck-Baltz"},"image":{"@id":"https:\/\/weingut-reineck-baltz.de\/#\/schema\/logo\/image\/"}}]}},"jetpack_sharing_enabled":true,"_links":{"self":[{"href":"https:\/\/weingut-reineck-baltz.de\/en\/wp-json\/wp\/v2\/pages\/15","targetHints":{"allow":["GET"]}}],"collection":[{"href":"https:\/\/weingut-reineck-baltz.de\/en\/wp-json\/wp\/v2\/pages"}],"about":[{"href":"https:\/\/weingut-reineck-baltz.de\/en\/wp-json\/wp\/v2\/types\/page"}],"author":[{"embeddable":true,"href":"https:\/\/weingut-reineck-baltz.de\/en\/wp-json\/wp\/v2\/users\/1"}],"replies":[{"embeddable":true,"href":"https:\/\/weingut-reineck-baltz.de\/en\/wp-json\/wp\/v2\/comments?post=15"}],"version-history":[{"count":0,"href":"https:\/\/weingut-reineck-baltz.de\/en\/wp-json\/wp\/v2\/pages\/15\/revisions"}],"wp:attachment":[{"href":"https:\/\/weingut-reineck-baltz.de\/en\/wp-json\/wp\/v2\/media?parent=15"}],"curies":[{"name":"wp","href":"https:\/\/api.w.org\/{rel}","templated":true}]}}